{"id":16650,"date":"2020-02-24T22:15:15","date_gmt":"2020-02-24T22:15:15","guid":{"rendered":"https:\/\/demo02.houzez.co\/?page_id=16650"},"modified":"2021-08-02T03:00:04","modified_gmt":"2021-08-02T03:00:04","slug":"about","status":"publish","type":"page","link":"https:\/\/alborsgroup.com\/?page_id=16650","title":{"rendered":"About"},"content":{"rendered":"\t\t<div data-elementor-type=\"wp-page\" data-elementor-id=\"16650\" class=\"elementor elementor-16650\" data-elementor-settings=\"[]\">\n\t\t\t\t\t\t\t<div class=\"elementor-section-wrap\">\n\t\t\t\t\t\t\t<section class=\"elementor-section elementor-top-section elementor-element elementor-element-5b81e21 elementor-section-height-min-height animated-slow elementor-section-boxed elementor-section-height-default elementor-section-items-middle elementor-invisible\" data-id=\"5b81e21\" data-element_type=\"section\" data-settings=\"{&quot;background_background&quot;:&quot;classic&quot;,&quot;animation&quot;:&quot;fadeIn&quot;}\">\n\t\t\t\t\t\t\t<div class=\"elementor-background-overlay\"><\/div>\n\t\t\t\t\t\t\t<div class=\"elementor-container elementor-column-gap-default\">\n\t\t\t\t\t<div class=\"elementor-column elementor-col-100 elementor-top-column elementor-element elementor-element-ad367f8\" data-id=\"ad367f8\" data-element_type=\"column\">\n\t\t\t<div class=\"elementor-widget-wrap elementor-element-populated\">\n\t\t\t\t\t\t\t\t<div class=\"elementor-element elementor-element-0e7939f elementor-widget elementor-widget-heading\" data-id=\"0e7939f\" data-element_type=\"widget\" data-widget_type=\"heading.default\">\n\t\t\t\t<div class=\"elementor-widget-container\">\n\t\t\t<h1 class=\"elementor-heading-title elementor-size-default\">Sobre Nosotros<\/h1>\t\t<\/div>\n\t\t\t\t<\/div>\n\t\t\t\t\t<\/div>\n\t\t<\/div>\n\t\t\t\t\t\t\t<\/div>\n\t\t<\/section>\n\t\t\t\t<section class=\"elementor-section elementor-top-section elementor-element elementor-element-09038dc elementor-section-boxed elementor-section-height-default elementor-section-height-default\" data-id=\"09038dc\" data-element_type=\"section\" data-settings=\"{&quot;background_background&quot;:&quot;classic&quot;}\">\n\t\t\t\t\t\t<div class=\"elementor-container elementor-column-gap-default\">\n\t\t\t\t\t<div class=\"elementor-column elementor-col-100 elementor-top-column elementor-element elementor-element-c8278ac\" data-id=\"c8278ac\" data-element_type=\"column\">\n\t\t\t<div class=\"elementor-widget-wrap elementor-element-populated\">\n\t\t\t\t\t\t\t\t<div class=\"elementor-element elementor-element-3271868 elementor-widget elementor-widget-spacer\" data-id=\"3271868\" data-element_type=\"widget\" data-widget_type=\"spacer.default\">\n\t\t\t\t<div class=\"elementor-widget-container\">\n\t\t\t\t\t<div class=\"elementor-spacer\">\n\t\t\t<div class=\"elementor-spacer-inner\"><\/div>\n\t\t<\/div>\n\t\t\t\t<\/div>\n\t\t\t\t<\/div>\n\t\t\t\t<div class=\"elementor-element elementor-element-e7372b6 animated-slow elementor-invisible elementor-widget elementor-widget-houzez_elementor_section_title\" data-id=\"e7372b6\" data-element_type=\"widget\" data-settings=\"{&quot;_animation&quot;:&quot;fadeIn&quot;}\" data-widget_type=\"houzez_elementor_section_title.default\">\n\t\t\t\t<div class=\"elementor-widget-container\">\n\t\t\t            <div class=\"houzez_section_title_wrap section-title-module\">\n                                    <h2 class=\"houzez_section_title\">Una empresa netamente puertorrique\u00f1a \n<\/h2>\n                \n                            <\/div>\n            \t\t<\/div>\n\t\t\t\t<\/div>\n\t\t\t\t<div class=\"elementor-element elementor-element-69fe9b8 elementor-widget elementor-widget-text-editor\" data-id=\"69fe9b8\" data-element_type=\"widget\" data-widget_type=\"text-editor.default\">\n\t\t\t\t<div class=\"elementor-widget-container\">\n\t\t\t\t\t\t\t\t<p><strong>Albors Management Corporation<\/strong> fue fundada en el 1977 por el Sr. Juan Alberto Albors Hern\u00e1ndez.\u00a0<\/p><p>Somos una empresa netamente puertorrique\u00f1a cuya misi\u00f3n va dirigida a la sana administraci\u00f3n de vivienda privada subsidiada bajo el Programa Federal de Secci\u00f3n 8 del Departamento de Vivienda y Desarrollo Urbano de Estados Unidos (HUD).<\/p><p>Bajo este programa, HUD proporciona la asistencia del Programa Federal de Secci\u00f3n 8 a autoridades de vivienda p\u00fablica o propietarios privados y se encargan de administrar estos fondos que proporcionan ayuda a familias de bajos ingresos para que puedan alquilar una vivienda decente, seguro e higi\u00e9nica.<\/p><p>Como agente administrador para el grupo de propiedades privadas de <strong>Albors Development Corporation<\/strong> y <strong>Albors Properties Corporation<\/strong>, somos responsables de proporcionar y actuar de acuerdo con las disposiciones y requisitos de HUD. En adici\u00f3n, nos aseguramos de cumplir con las leyes federales, estatales y locales aplicables a la ocupaci\u00f3n de unidades de vivienda multifamiliares como tambi\u00e9n las pol\u00edticas bajo la Ley de Vivienda Justa, la cual establece requisitos espec\u00edficos antidiscriminatorios y de accesibilidad a solicitantes e inquilinos.<\/p><p>Nuestro compromiso va dirigido a asegurarnos que los solicitantes elegibles sean seleccionados para la ocupaci\u00f3n de unidades de renta, que los inquilinos reciban el nivel m\u00e1s alto de servicio, pero sobre todo que los solicitantes e inquilinos sean tratados de manera justa y consistente para que puedan conseguir acceso a vivienda asequible.<\/p>\t\t\t\t\t\t<\/div>\n\t\t\t\t<\/div>\n\t\t\t\t<div class=\"elementor-element elementor-element-89a95a6 elementor-widget elementor-widget-spacer\" data-id=\"89a95a6\" data-element_type=\"widget\" data-widget_type=\"spacer.default\">\n\t\t\t\t<div class=\"elementor-widget-container\">\n\t\t\t\t\t<div class=\"elementor-spacer\">\n\t\t\t<div class=\"elementor-spacer-inner\"><\/div>\n\t\t<\/div>\n\t\t\t\t<\/div>\n\t\t\t\t<\/div>\n\t\t\t\t\t<\/div>\n\t\t<\/div>\n\t\t\t\t\t\t\t<\/div>\n\t\t<\/section>\n\t\t\t\t\t\t<\/div>\n\t\t\t\t\t<\/div>\n\t\t","protected":false},"excerpt":{"rendered":"<p>Sobre Nosotros Una empresa netamente puertorrique\u00f1a Albors Management Corporation fue fundada en el 1977 por el Sr. Juan Alberto Albors Hern\u00e1ndez.\u00a0 Somos una empresa netamente puertorrique\u00f1a cuya misi\u00f3n va dirigida a la sana administraci\u00f3n de vivienda privada subsidiada bajo el Programa Federal de Secci\u00f3n 8 del Departamento de Vivienda y Desarrollo Urbano de Estados Unidos [&hellip;]<\/p>\n","protected":false},"author":1,"featured_media":0,"parent":0,"menu_order":0,"comment_status":"closed","ping_status":"closed","template":"template\/template-homepage.php","meta":[],"_links":{"self":[{"href":"https:\/\/alborsgroup.com\/index.php?rest_route=\/wp\/v2\/pages\/16650"}],"collection":[{"href":"https:\/\/alborsgroup.com\/index.php?rest_route=\/wp\/v2\/pages"}],"about":[{"href":"https:\/\/alborsgroup.com\/index.php?rest_route=\/wp\/v2\/types\/page"}],"author":[{"embeddable":true,"href":"https:\/\/alborsgroup.com\/index.php?rest_route=\/wp\/v2\/users\/1"}],"replies":[{"embeddable":true,"href":"https:\/\/alborsgroup.com\/index.php?rest_route=%2Fwp%2Fv2%2Fcomments&post=16650"}],"version-history":[{"count":41,"href":"https:\/\/alborsgroup.com\/index.php?rest_route=\/wp\/v2\/pages\/16650\/revisions"}],"predecessor-version":[{"id":17642,"href":"https:\/\/alborsgroup.com\/index.php?rest_route=\/wp\/v2\/pages\/16650\/revisions\/17642"}],"wp:attachment":[{"href":"https:\/\/alborsgroup.com\/index.php?rest_route=%2Fwp%2Fv2%2Fmedia&parent=16650"}],"curies":[{"name":"wp","href":"https:\/\/api.w.org\/{rel}","templated":true}]}}