{"id":17275,"date":"2020-02-18T11:32:19","date_gmt":"2020-02-18T11:32:19","guid":{"rendered":"https:\/\/demo02.houzez.co\/?page_id=12"},"modified":"2021-06-18T00:54:12","modified_gmt":"2021-06-18T00:54:12","slug":"home-properties-slider","status":"publish","type":"page","link":"https:\/\/alborsgroup.com\/","title":{"rendered":"Home Properties Slider"},"content":{"rendered":"\t\t<div data-elementor-type=\"wp-page\" data-elementor-id=\"17275\" class=\"elementor elementor-17275\" data-elementor-settings=\"[]\">\n\t\t\t\t\t\t\t<div class=\"elementor-section-wrap\">\n\t\t\t\t\t\t\t<section class=\"elementor-section elementor-top-section elementor-element elementor-element-630b3384 elementor-section-content-middle elementor-section-stretched elementor-section-full_width elementor-section-height-default elementor-section-height-default\" data-id=\"630b3384\" data-element_type=\"section\" data-settings=\"{&quot;stretch_section&quot;:&quot;section-stretched&quot;}\">\n\t\t\t\t\t\t\t<div class=\"elementor-background-overlay\"><\/div>\n\t\t\t\t\t\t\t<div class=\"elementor-container elementor-column-gap-wide\">\n\t\t\t\t\t<div class=\"elementor-column elementor-col-100 elementor-top-column elementor-element elementor-element-57dc4e0d\" data-id=\"57dc4e0d\" data-element_type=\"column\">\n\t\t\t<div class=\"elementor-widget-wrap elementor-element-populated\">\n\t\t\t\t\t\t\t\t<div class=\"elementor-element elementor-element-76c490f8 elementor-widget elementor-widget-houzez_elementor_space\" data-id=\"76c490f8\" data-element_type=\"widget\" data-widget_type=\"houzez_elementor_space.default\">\n\t\t\t\t<div class=\"elementor-widget-container\">\n\t\t\t        <div class=\"houzez-spacer\">\n            <div class=\"houzez-spacer-inner\"><\/div>\n        <\/div>\n        \t\t<\/div>\n\t\t\t\t<\/div>\n\t\t\t\t\t<\/div>\n\t\t<\/div>\n\t\t\t\t\t\t\t<\/div>\n\t\t<\/section>\n\t\t\t\t<section class=\"elementor-section elementor-top-section elementor-element elementor-element-7e9345f2 elementor-section-full_width elementor-section-height-default elementor-section-height-default\" data-id=\"7e9345f2\" data-element_type=\"section\" data-settings=\"{&quot;background_background&quot;:&quot;classic&quot;}\">\n\t\t\t\t\t\t<div class=\"elementor-container elementor-column-gap-default\">\n\t\t\t\t\t<div class=\"elementor-column elementor-col-100 elementor-top-column elementor-element elementor-element-57925909\" data-id=\"57925909\" data-element_type=\"column\">\n\t\t\t<div class=\"elementor-widget-wrap elementor-element-populated\">\n\t\t\t\t\t\t\t\t<div class=\"elementor-element elementor-element-7f7b8fae elementor-widget elementor-widget-spacer\" data-id=\"7f7b8fae\" data-element_type=\"widget\" data-widget_type=\"spacer.default\">\n\t\t\t\t<div class=\"elementor-widget-container\">\n\t\t\t\t\t<div class=\"elementor-spacer\">\n\t\t\t<div class=\"elementor-spacer-inner\"><\/div>\n\t\t<\/div>\n\t\t\t\t<\/div>\n\t\t\t\t<\/div>\n\t\t\t\t<section class=\"elementor-section elementor-inner-section elementor-element elementor-element-67774577 elementor-section-boxed elementor-section-height-default elementor-section-height-default\" data-id=\"67774577\" data-element_type=\"section\">\n\t\t\t\t\t\t<div class=\"elementor-container elementor-column-gap-default\">\n\t\t\t\t\t<div class=\"elementor-column elementor-col-100 elementor-inner-column elementor-element elementor-element-2213cb89\" data-id=\"2213cb89\" data-element_type=\"column\">\n\t\t\t<div class=\"elementor-widget-wrap elementor-element-populated\">\n\t\t\t\t\t\t\t\t<div class=\"elementor-element elementor-element-1259b1ca animated-slow elementor-invisible elementor-widget elementor-widget-houzez_elementor_section_title\" data-id=\"1259b1ca\" data-element_type=\"widget\" data-settings=\"{&quot;_animation&quot;:&quot;fadeIn&quot;}\" data-widget_type=\"houzez_elementor_section_title.default\">\n\t\t\t\t<div class=\"elementor-widget-container\">\n\t\t\t            <div class=\"houzez_section_title_wrap section-title-module\">\n                                    <h2 class=\"houzez_section_title\">Tus opciones de vivienda<\/h2>\n                \n                                    <p class=\"houzez_section_subtitle\">Descubre seg\u00fan tu regi\u00f3n, algunas de  las opciones que tenemos disponibles para renta de apartamentos.<\/p>\n                            <\/div>\n            \t\t<\/div>\n\t\t\t\t<\/div>\n\t\t\t\t\t<\/div>\n\t\t<\/div>\n\t\t\t\t\t\t\t<\/div>\n\t\t<\/section>\n\t\t\t\t<section class=\"elementor-section elementor-inner-section elementor-element elementor-element-1b88126e elementor-section-boxed elementor-section-height-default elementor-section-height-default\" data-id=\"1b88126e\" data-element_type=\"section\">\n\t\t\t\t\t\t<div class=\"elementor-container elementor-column-gap-default\">\n\t\t\t\t\t<div class=\"elementor-column elementor-col-16 elementor-inner-column elementor-element elementor-element-76c123b9\" data-id=\"76c123b9\" data-element_type=\"column\">\n\t\t\t<div class=\"elementor-widget-wrap\">\n\t\t\t\t\t\t\t\t\t<\/div>\n\t\t<\/div>\n\t\t\t\t<div class=\"elementor-column elementor-col-16 elementor-inner-column elementor-element elementor-element-5609e0ea\" data-id=\"5609e0ea\" data-element_type=\"column\">\n\t\t\t<div class=\"elementor-widget-wrap elementor-element-populated\">\n\t\t\t\t\t\t\t\t<div class=\"elementor-element elementor-element-59265a27 animated-slow elementor-invisible elementor-widget elementor-widget-Houzez_elementor_grid_builder\" data-id=\"59265a27\" data-element_type=\"widget\" data-settings=\"{&quot;_animation&quot;:&quot;fadeIn&quot;}\" data-widget_type=\"Houzez_elementor_grid_builder.default\">\n\t\t\t\t<div class=\"elementor-widget-container\">\n\t\t\t\n        <div class=\"grid-item  grid-item-v3\" style=\"background-image: url(http:\/\/alborsgroup.com\/wp-content\/uploads\/2021\/06\/angeli-apts-1.jpg)\">\n            <a class=\"grid-item-link hover-effect-flat\"  target=\"_blank\" href=\"http:\/\/alborsgroup.com\/?property=angeli-apartment\">\n                <div class=\"grid-item-text-wrap\">\n\n                    \n                                        <div class=\"grid-item-title\">Angeli Apartments<\/div>\n                                        \n                                            <div class=\"grid-item-text-link\">M\u00e1s detalles<\/div>\n                        <div class=\"grid-item-icon\">\n                            <i class=\"houzez-icon icon-arrow-button-right-2\"><\/i>\n                        <\/div>\n                                    <\/div><!-- taxonomy-text-wrap -->\n            <\/a>\n        <\/div>\n        \n        \t\t<\/div>\n\t\t\t\t<\/div>\n\t\t\t\t\t<\/div>\n\t\t<\/div>\n\t\t\t\t<div class=\"elementor-column elementor-col-16 elementor-inner-column elementor-element elementor-element-3afd6925\" data-id=\"3afd6925\" data-element_type=\"column\">\n\t\t\t<div class=\"elementor-widget-wrap elementor-element-populated\">\n\t\t\t\t\t\t\t\t<div class=\"elementor-element elementor-element-34b4def3 animated-slow elementor-invisible elementor-widget elementor-widget-Houzez_elementor_grid_builder\" data-id=\"34b4def3\" data-element_type=\"widget\" data-settings=\"{&quot;_animation&quot;:&quot;fadeIn&quot;,&quot;_animation_delay&quot;:600}\" data-widget_type=\"Houzez_elementor_grid_builder.default\">\n\t\t\t\t<div class=\"elementor-widget-container\">\n\t\t\t\n        <div class=\"grid-item  grid-item-v3\" style=\"background-image: url(http:\/\/alborsgroup.com\/wp-content\/uploads\/2021\/06\/gianna-laura-apts-5.jpg)\">\n            <a class=\"grid-item-link hover-effect-flat\"  target=\"_blank\" href=\"http:\/\/alborsgroup.com\/?property=gianna-laura-apartments\">\n                <div class=\"grid-item-text-wrap\">\n\n                    \n                                        <div class=\"grid-item-title\">Gianna Laura Apartments<\/div>\n                                        \n                                            <div class=\"grid-item-text-link\">M\u00e1s detalles<\/div>\n                        <div class=\"grid-item-icon\">\n                            <i class=\"houzez-icon icon-arrow-button-right-2\"><\/i>\n                        <\/div>\n                                    <\/div><!-- taxonomy-text-wrap -->\n            <\/a>\n        <\/div>\n        \n        \t\t<\/div>\n\t\t\t\t<\/div>\n\t\t\t\t\t<\/div>\n\t\t<\/div>\n\t\t\t\t<div class=\"elementor-column elementor-col-16 elementor-inner-column elementor-element elementor-element-2b796feb\" data-id=\"2b796feb\" data-element_type=\"column\">\n\t\t\t<div class=\"elementor-widget-wrap elementor-element-populated\">\n\t\t\t\t\t\t\t\t<div class=\"elementor-element elementor-element-f885a animated-slow elementor-invisible elementor-widget elementor-widget-Houzez_elementor_grid_builder\" data-id=\"f885a\" data-element_type=\"widget\" data-settings=\"{&quot;_animation&quot;:&quot;fadeIn&quot;,&quot;_animation_delay&quot;:900}\" data-widget_type=\"Houzez_elementor_grid_builder.default\">\n\t\t\t\t<div class=\"elementor-widget-container\">\n\t\t\t\n        <div class=\"grid-item  grid-item-v3\" style=\"background-image: url(http:\/\/alborsgroup.com\/wp-content\/uploads\/2021\/06\/La-Morada-Apts-3.jpg)\">\n            <a class=\"grid-item-link hover-effect-flat\"  target=\"_blank\" href=\"http:\/\/alborsgroup.com\/?property=la-morada-apartments\">\n                <div class=\"grid-item-text-wrap\">\n\n                    \n                                        <div class=\"grid-item-title\">La Morada Apartments<\/div>\n                                        \n                                            <div class=\"grid-item-text-link\">M\u00e1s detalles<\/div>\n                        <div class=\"grid-item-icon\">\n                            <i class=\"houzez-icon icon-arrow-button-right-2\"><\/i>\n                        <\/div>\n                                    <\/div><!-- taxonomy-text-wrap -->\n            <\/a>\n        <\/div>\n        \n        \t\t<\/div>\n\t\t\t\t<\/div>\n\t\t\t\t\t<\/div>\n\t\t<\/div>\n\t\t\t\t<div class=\"elementor-column elementor-col-16 elementor-inner-column elementor-element elementor-element-2053cab9\" data-id=\"2053cab9\" data-element_type=\"column\">\n\t\t\t<div class=\"elementor-widget-wrap elementor-element-populated\">\n\t\t\t\t\t\t\t\t<div class=\"elementor-element elementor-element-2073f416 animated-slow elementor-invisible elementor-widget elementor-widget-Houzez_elementor_grid_builder\" data-id=\"2073f416\" data-element_type=\"widget\" data-settings=\"{&quot;_animation&quot;:&quot;fadeIn&quot;,&quot;_animation_delay&quot;:1200}\" data-widget_type=\"Houzez_elementor_grid_builder.default\">\n\t\t\t\t<div class=\"elementor-widget-container\">\n\t\t\t\n        <div class=\"grid-item  grid-item-v3\" style=\"background-image: url(http:\/\/alborsgroup.com\/wp-content\/uploads\/2021\/06\/San-Miguel-Tower-6.jpg)\">\n            <a class=\"grid-item-link hover-effect-flat\"  target=\"_blank\" href=\"http:\/\/alborsgroup.com\/?property=san-miguel-towers\">\n                <div class=\"grid-item-text-wrap\">\n\n                    \n                                        <div class=\"grid-item-title\">San Miguel Towers<\/div>\n                                        \n                                            <div class=\"grid-item-text-link\">M\u00e1s detalles<\/div>\n                        <div class=\"grid-item-icon\">\n                            <i class=\"houzez-icon icon-arrow-button-right-2\"><\/i>\n                        <\/div>\n                                    <\/div><!-- taxonomy-text-wrap -->\n            <\/a>\n        <\/div>\n        \n        \t\t<\/div>\n\t\t\t\t<\/div>\n\t\t\t\t\t<\/div>\n\t\t<\/div>\n\t\t\t\t<div class=\"elementor-column elementor-col-16 elementor-inner-column elementor-element elementor-element-7fb60afc\" data-id=\"7fb60afc\" data-element_type=\"column\">\n\t\t\t<div class=\"elementor-widget-wrap\">\n\t\t\t\t\t\t\t\t\t<\/div>\n\t\t<\/div>\n\t\t\t\t\t\t\t<\/div>\n\t\t<\/section>\n\t\t\t\t<div class=\"elementor-element elementor-element-671c82ae elementor-widget elementor-widget-spacer\" data-id=\"671c82ae\" data-element_type=\"widget\" data-widget_type=\"spacer.default\">\n\t\t\t\t<div class=\"elementor-widget-container\">\n\t\t\t\t\t<div class=\"elementor-spacer\">\n\t\t\t<div class=\"elementor-spacer-inner\"><\/div>\n\t\t<\/div>\n\t\t\t\t<\/div>\n\t\t\t\t<\/div>\n\t\t\t\t\t<\/div>\n\t\t<\/div>\n\t\t\t\t\t\t\t<\/div>\n\t\t<\/section>\n\t\t\t\t\t\t<\/div>\n\t\t\t\t\t<\/div>\n\t\t","protected":false},"excerpt":{"rendered":"<p>Tus opciones de vivienda Descubre seg\u00fan tu regi\u00f3n, algunas de las opciones que tenemos disponibles para renta de apartamentos. Angeli Apartments M\u00e1s detalles Gianna Laura Apartments M\u00e1s detalles La Morada Apartments M\u00e1s detalles San Miguel Towers M\u00e1s detalles<\/p>\n","protected":false},"author":1,"featured_media":0,"parent":0,"menu_order":0,"comment_status":"closed","ping_status":"closed","template":"template\/template-homepage.php","meta":[],"_links":{"self":[{"href":"https:\/\/alborsgroup.com\/index.php?rest_route=\/wp\/v2\/pages\/17275"}],"collection":[{"href":"https:\/\/alborsgroup.com\/index.php?rest_route=\/wp\/v2\/pages"}],"about":[{"href":"https:\/\/alborsgroup.com\/index.php?rest_route=\/wp\/v2\/types\/page"}],"author":[{"embeddable":true,"href":"https:\/\/alborsgroup.com\/index.php?rest_route=\/wp\/v2\/users\/1"}],"replies":[{"embeddable":true,"href":"https:\/\/alborsgroup.com\/index.php?rest_route=%2Fwp%2Fv2%2Fcomments&post=17275"}],"version-history":[{"count":4,"href":"https:\/\/alborsgroup.com\/index.php?rest_route=\/wp\/v2\/pages\/17275\/revisions"}],"predecessor-version":[{"id":17568,"href":"https:\/\/alborsgroup.com\/index.php?rest_route=\/wp\/v2\/pages\/17275\/revisions\/17568"}],"wp:attachment":[{"href":"https:\/\/alborsgroup.com\/index.php?rest_route=%2Fwp%2Fv2%2Fmedia&parent=17275"}],"curies":[{"name":"wp","href":"https:\/\/api.w.org\/{rel}","templated":true}]}}